{"id":130833,"date":"2023-10-11T14:38:58","date_gmt":"2023-10-11T14:38:58","guid":{"rendered":"https:\/\/allianceagricultureregeneratrice.com\/terms-of-use\/"},"modified":"2023-11-24T10:24:14","modified_gmt":"2023-11-24T10:24:14","slug":"terms-of-use","status":"publish","type":"page","link":"https:\/\/allianceagricultureregeneratrice.com\/en\/terms-of-use\/","title":{"rendered":"Terms of use"},"content":{"rendered":"<div class=\"wpb-content-wrapper\"><p>[vc_row unlock_row_content=&#8221;yes&#8221; row_height_percent=&#8221;65&#8243; override_padding=&#8221;yes&#8221; h_padding=&#8221;5&#8243; top_padding=&#8221;5&#8243; bottom_padding=&#8221;5&#8243; back_color=&#8221;color-lxmt&#8221; overlay_alpha=&#8221;50&#8243; gutter_size=&#8221;0&#8243; column_width_percent=&#8221;100&#8243; shift_y=&#8221;0&#8243; z_index=&#8221;0&#8243; top_divider=&#8221;step_1_2&#8243; uncode_shortcode_id=&#8221;120485&#8243; back_color_type=&#8221;uncode-palette&#8221;][vc_column column_width_percent=&#8221;80&#8243; position_vertical=&#8221;middle&#8221; gutter_size=&#8221;3&#8243; override_padding=&#8221;yes&#8221; column_padding=&#8221;1&#8243; overlay_alpha=&#8221;50&#8243; shift_x=&#8221;0&#8243; shift_y=&#8221;0&#8243; shift_y_down=&#8221;0&#8243; z_index=&#8221;0&#8243; medium_width=&#8221;0&#8243; mobile_width=&#8221;0&#8243; width=&#8221;1\/1&#8243; uncode_shortcode_id=&#8221;198876&#8243;][vc_row_inner row_inner_height_percent=&#8221;0&#8243; overlay_alpha=&#8221;50&#8243; gutter_size=&#8221;3&#8243; shift_y=&#8221;0&#8243; z_index=&#8221;0&#8243;][vc_column_inner column_width_percent=&#8221;100&#8243; gutter_size=&#8221;3&#8243; overlay_alpha=&#8221;50&#8243; shift_x=&#8221;0&#8243; shift_y=&#8221;0&#8243; shift_y_down=&#8221;0&#8243; z_index=&#8221;0&#8243; medium_width=&#8221;0&#8243; mobile_width=&#8221;0&#8243; width=&#8221;1\/1&#8243;][vc_custom_heading text_color=&#8221;accent&#8221; heading_semantic=&#8221;h4&#8243; text_font=&#8221;font-469684&#8243; text_size=&#8221;h4&#8243; uncode_shortcode_id=&#8221;144682&#8243; text_color_type=&#8221;uncode-palette&#8221;]Terms of use[\/vc_custom_heading][vc_column_text uncode_shortcode_id=&#8221;183882&#8243;]BEL<\/p>\n<p>Browsing this site is subject to the present terms of use. By accessing this website, you acknowledge that you have read and accept these terms of use.<br \/>\nBEL, a public limited company with capital of 7,921,294.50 euros, headquartered at 2, all\u00e9e de Longchamp 92150 Suresnes &#8211; France, registered in the Paris Trade and Companies Register under number 542 088 067 (here in after &#8220;BEL&#8221;), publishes the Alliance pour l&#8217;Agriculture R\u00e9g\u00e9n\u00e9ratrice website (here in after &#8220;the Site&#8221;).<br \/>\nThe presentation and content of the Site constitute a work protected by current intellectual property laws, of which BEL is the sole owner.<\/p>\n<p>The Site is hosted by BEL.<br \/>\nFunctional and creative design, as well as technical design and development, were carried out for BEL by Natacha Sellier.<\/p>\n<p><strong>Use of the Alliance for Regenerative Agriculture website<\/strong><\/p>\n<p>&#8211; Information quality:<br \/>\nBEL takes the utmost care and makes every effort to provide quality information on the Site.<br \/>\nBEL cannot, however, guarantee the accuracy and completeness of this information. Thus, BEL, subject to an obligation of means, cannot be held responsible for any direct or indirect prejudice resulting from information that has been misused and\/or found to be inaccurate or incomplete.<\/p>\n<p>&#8211; Site access:<br \/>\nBEL undertakes to use its best efforts to ensure that the Alliance pour l&#8217;Agriculture R\u00e9g\u00e9n\u00e9ratrice website is accessible at all times.<br \/>\nNevertheless, BEL declines all responsibility in the event of difficulty in accessing its site or of interruptions in the connection, whatever the causes.<br \/>\nIn particular, BEL reserves the right to modify the site as it sees fit, without prior notice and even if access to the site is interrupted as a result.<\/p>\n<p>BEL cannot be held responsible for any direct or indirect damage resulting from access to the Site and\/or its partners&#8217; website(s) or, on the contrary, from the impossibility of accessing it, including loss of data, deterioration, destruction or viruses which could affect your computer equipment, and\/or the presence of viruses on its site.<br \/>\nYou acknowledge that you have checked that the computer configuration used is virus-free and in perfect working order.<\/p>\n<p>&#8211; Mail\/email distribution:<br \/>\nBEL cannot be held responsible for late, lost or misdirected mail\/email, nor for whether or not it has been sent to the wrong e-mail address.<\/p>\n<p>&#8211; Links to other websites:<br \/>\nThe Site provides access to external partner websites via hypertext links or by integrating partner content into the Site.<br \/>\nAlthough the choice of links to external websites has been made with care and vigilance, BEL cannot be held responsible for the availability of these external websites. It accepts no responsibility whatsoever for the content, advertising, products, services or any other material originating from or available on or from these external websites.<br \/>\nBEL cannot be held responsible for the actions or omissions of its partners.<\/p>\n<p><strong>Intellectual property:<\/strong><\/p>\n<p>The information provided on the Site may only be used for strictly personal purposes.<br \/>\nAny use for commercial or other purposes is strictly forbidden.<br \/>\nIn addition, the elements present on the Site are protected by the French Intellectual Property Code and international treaties and agreements dealing with provisions relating to the protection of copyright. Any modification, representation or reproduction, in whole or in part, other than for private use, is strictly forbidden and may constitute an act of counterfeiting for which the counterfeiter may be held civilly and criminally liable. This prohibition applies regardless of the method of reproduction, representation and\/or modification, and regardless of its duration.<br \/>\nThe rights to advertising films and the musical works included in these films belong exclusively to the owner of the recording of the work concerned.<\/p>\n<p>Similarly, all trademarks mentioned on this site are the exclusive property of BEL or for which BEL has a right of use. Any reproduction of these trademarks without the prior consent of BEL is strictly prohibited.<\/p>\n<p>In general, BEL cannot be held responsible for any damage, direct or indirect, resulting from the unauthorized use of the information or any other element provided on the Site.<\/p>\n<p><strong>Applicable law<\/strong><\/p>\n<p>The Site is governed by French law.<br \/>\nBEL reserves the right to update this disclaimer at any time without notice.[\/vc_column_text][\/vc_column_inner][\/vc_row_inner][\/vc_column][\/vc_row]<\/p>\n<\/div>","protected":false},"excerpt":{"rendered":"<p>[vc_row unlock_row_content=&#8221;yes&#8221; row_height_percent=&#8221;65&#8243; override_padding=&#8221;yes&#8221; h_padding=&#8221;5&#8243; top_padding=&#8221;5&#8243; bottom_padding=&#8221;5&#8243; back_color=&#8221;color-lxmt&#8221; overlay_alpha=&#8221;50&#8243; gutter_size=&#8221;0&#8243; column_width_percent=&#8221;100&#8243; shift_y=&#8221;0&#8243; z_index=&#8221;0&#8243; top_divider=&#8221;step_1_2&#8243; uncode_shortcode_id=&#8221;120485&#8243; back_color_type=&#8221;uncode-palette&#8221;][vc_column column_width_percent=&#8221;80&#8243; position_vertical=&#8221;middle&#8221; gutter_size=&#8221;3&#8243; override_padding=&#8221;yes&#8221; [&hellip;]<\/p>\n","protected":false},"author":2,"featured_media":0,"parent":0,"menu_order":3,"comment_status":"closed","ping_status":"closed","template":"","meta":{"footnotes":""},"class_list":["post-130833","page","type-page","status-publish","hentry"],"featured_image_src":null,"featured_image_src_square":null,"_links":{"self":[{"href":"https:\/\/allianceagricultureregeneratrice.com\/en\/wp-json\/wp\/v2\/pages\/130833","targetHints":{"allow":["GET"]}}],"collection":[{"href":"https:\/\/allianceagricultureregeneratrice.com\/en\/wp-json\/wp\/v2\/pages"}],"about":[{"href":"https:\/\/allianceagricultureregeneratrice.com\/en\/wp-json\/wp\/v2\/types\/page"}],"author":[{"embeddable":true,"href":"https:\/\/allianceagricultureregeneratrice.com\/en\/wp-json\/wp\/v2\/users\/2"}],"replies":[{"embeddable":true,"href":"https:\/\/allianceagricultureregeneratrice.com\/en\/wp-json\/wp\/v2\/comments?post=130833"}],"version-history":[{"count":0,"href":"https:\/\/allianceagricultureregeneratrice.com\/en\/wp-json\/wp\/v2\/pages\/130833\/revisions"}],"wp:attachment":[{"href":"https:\/\/allianceagricultureregeneratrice.com\/en\/wp-json\/wp\/v2\/media?parent=130833"}],"curies":[{"name":"wp","href":"https:\/\/api.w.org\/{rel}","templated":true}]}}